{"id":12888,"date":"2025-02-05T18:42:35","date_gmt":"2025-02-05T23:42:35","guid":{"rendered":"https:\/\/www.partidocolombiarenaciente.co\/web\/?post_type=product&#038;p=12888"},"modified":"2025-02-28T14:59:49","modified_gmt":"2025-02-28T19:59:49","slug":"agenda-oficial-colombia-renaciente","status":"publish","type":"product","link":"https:\/\/www.partidocolombiarenaciente.co\/web\/producto\/agenda-oficial-colombia-renaciente\/","title":{"rendered":"Agenda Oficial Colombia Renaciente"},"content":{"rendered":"<p>Esta agenda ser\u00e1 tu mejor\u00a0aliada para planear tu d\u00eda a d\u00eda, alcanzar objetivos, y sobre todo, para gestionar de manera eficiente sus actividades.\u00a0 La agenda de Colombia Renaciente te ayuda a priorizar, planificar y distribuir las responsabilidades, evitando el estr\u00e9s que genera el caos o la improvisaci\u00f3n.\u00a0 Planifica tu a\u00f1o con la Agenda Oficial del Partido Colombia Renaciente, una herramienta dise\u00f1ada para organizar tus d\u00edas mientras te conectas con los valores y objetivos de nuestra filosof\u00eda.<\/p>\n<p><b>Caracter\u00edsticas:<\/b><br \/>\nDise\u00f1o pr\u00e1ctico y tama\u00f1o funcional<br \/>\nEspacios para notas, metas y programaci\u00f3n diaria<br \/>\nContenido exclusivo sobre nuestra agenda pol\u00edtica.<br \/>\nMaterial de alta calidad y encuadernaci\u00f3n en tapa duraContiene hoja de stickers de Colombia Renaciente\u00a0-L\u00ednea del tiempo del hist\u00f3rico del Partido-Hoja de datos personales-Calendario del 2025-Stickers-Informaci\u00f3n de la Tienda Renaciente-Informaci\u00f3n de la escuela de formaci\u00f3n de l\u00edderes-Hojas cuadriculadas, l\u00ednea corriente y de notas-Informaci\u00f3n de Poblaciones y Sectores-Hitos legislativos-25 cm largo-20 cm ancho-Tapa dura-595 gramos<\/p>\n","protected":false},"excerpt":{"rendered":"<p>Planifica tu a\u00f1o con la Agenda Oficial del Partido Colombia Renaciente, una herramienta dise\u00f1ada para organizar tus d\u00edas mientras te conectas con los valores y objetivos de nuestra filosof\u00eda.<\/p>\n","protected":false},"featured_media":12891,"comment_status":"open","ping_status":"closed","template":"","meta":{"_monsterinsights_skip_tracking":false,"_monsterinsights_sitenote_active":false,"_monsterinsights_sitenote_note":"","_monsterinsights_sitenote_category":0,"site-sidebar-layout":"default","site-content-layout":"","ast-site-content-layout":"default","site-content-style":"default","site-sidebar-style":"default","ast-global-header-display":"","ast-banner-title-visibility":"","ast-main-header-display":"","ast-hfb-above-header-display":"","ast-hfb-below-header-display":"","ast-hfb-mobile-header-display":"","site-post-title":"","ast-breadcrumbs-content":"","ast-featured-img":"","footer-sml-layout":"","theme-transparent-header-meta":"default","adv-header-id-meta":"","stick-header-meta":"default","header-above-stick-meta":"","header-main-stick-meta":"","header-below-stick-meta":"","astra-migrate-meta-layouts":"set","ast-page-background-enabled":"default","ast-page-background-meta":{"desktop":{"background-color":"","background-image":"","background-repeat":"repeat","background-position":"center center","background-size":"auto","background-attachment":"scroll","background-type":"","background-media":"","overlay-type":"","overlay-color":"","overlay-opacity":"","overlay-gradient":""},"tablet":{"background-color":"","background-image":"","background-repeat":"repeat","background-position":"center center","background-size":"auto","background-attachment":"scroll","background-type":"","background-media":"","overlay-type":"","overlay-color":"","overlay-opacity":"","overlay-gradient":""},"mobile":{"background-color":"","background-image":"","background-repeat":"repeat","background-position":"center center","background-size":"auto","background-attachment":"scroll","background-type":"","background-media":"","overlay-type":"","overlay-color":"","overlay-opacity":"","overlay-gradient":""}},"ast-content-background-meta":{"desktop":{"background-color":"var(--ast-global-color-5)","background-image":"","background-repeat":"repeat","background-position":"center center","background-size":"auto","background-attachment":"scroll","background-type":"","background-media":"","overlay-type":"","overlay-color":"","overlay-opacity":"","overlay-gradient":""},"tablet":{"background-color":"var(--ast-global-color-5)","background-image":"","background-repeat":"repeat","background-position":"center center","background-size":"auto","background-attachment":"scroll","background-type":"","background-media":"","overlay-type":"","overlay-color":"","overlay-opacity":"","overlay-gradient":""},"mobile":{"background-color":"var(--ast-global-color-5)","background-image":"","background-repeat":"repeat","background-position":"center center","background-size":"auto","background-attachment":"scroll","background-type":"","background-media":"","overlay-type":"","overlay-color":"","overlay-opacity":"","overlay-gradient":""}}},"product_cat":[56],"product_tag":[],"aioseo_notices":[],"_links":{"self":[{"href":"https:\/\/www.partidocolombiarenaciente.co\/web\/wp-json\/wp\/v2\/product\/12888"}],"collection":[{"href":"https:\/\/www.partidocolombiarenaciente.co\/web\/wp-json\/wp\/v2\/product"}],"about":[{"href":"https:\/\/www.partidocolombiarenaciente.co\/web\/wp-json\/wp\/v2\/types\/product"}],"replies":[{"embeddable":true,"href":"https:\/\/www.partidocolombiarenaciente.co\/web\/wp-json\/wp\/v2\/comments?post=12888"}],"version-history":[{"count":8,"href":"https:\/\/www.partidocolombiarenaciente.co\/web\/wp-json\/wp\/v2\/product\/12888\/revisions"}],"predecessor-version":[{"id":13037,"href":"https:\/\/www.partidocolombiarenaciente.co\/web\/wp-json\/wp\/v2\/product\/12888\/revisions\/13037"}],"wp:featuredmedia":[{"embeddable":true,"href":"https:\/\/www.partidocolombiarenaciente.co\/web\/wp-json\/wp\/v2\/media\/12891"}],"wp:attachment":[{"href":"https:\/\/www.partidocolombiarenaciente.co\/web\/wp-json\/wp\/v2\/media?parent=12888"}],"wp:term":[{"taxonomy":"product_cat","embeddable":true,"href":"https:\/\/www.partidocolombiarenaciente.co\/web\/wp-json\/wp\/v2\/product_cat?post=12888"},{"taxonomy":"product_tag","embeddable":true,"href":"https:\/\/www.partidocolombiarenaciente.co\/web\/wp-json\/wp\/v2\/product_tag?post=12888"}],"curies":[{"name":"wp","href":"https:\/\/api.w.org\/{rel}","templated":true}]}}