{"id":12614,"date":"2024-11-18T19:56:52","date_gmt":"2024-11-18T19:56:52","guid":{"rendered":"https:\/\/www.partidocolombiarenaciente.co\/web\/?post_type=product&#038;p=12614"},"modified":"2025-02-27T12:19:39","modified_gmt":"2025-02-27T17:19:39","slug":"porta-celular-madera","status":"publish","type":"product","link":"https:\/\/www.partidocolombiarenaciente.co\/web\/producto\/porta-celular-madera\/","title":{"rendered":"Porta Celular Madera"},"content":{"rendered":"<p>-15 CM de altura<br \/>\n-Porta celular con orificio para cargador<br \/>\n-60 gramos peso<\/p>\n","protected":false},"excerpt":{"rendered":"<p>Conoce la fusi\u00f3n perfecta entre funcionalidad y tradici\u00f3n con el Portacelular Colombia Renaciente. Hecho con materiales de alta calidad y dise\u00f1ado con un toque aut\u00e9ntico, este portacelular te ofrece comodidad y seguridad para tu dispositivo<\/p>\n","protected":false},"featured_media":12619,"comment_status":"open","ping_status":"closed","template":"","meta":{"_monsterinsights_skip_tracking":false,"_monsterinsights_sitenote_active":false,"_monsterinsights_sitenote_note":"","_monsterinsights_sitenote_category":0,"site-sidebar-layout":"no-sidebar","site-content-layout":"page-builder","ast-site-content-layout":"full-width-container","site-content-style":"default","site-sidebar-style":"default","ast-global-header-display":"","ast-banner-title-visibility":"","ast-main-header-display":"","ast-hfb-above-header-display":"","ast-hfb-below-header-display":"","ast-hfb-mobile-header-display":"","site-post-title":"disabled","ast-breadcrumbs-content":"","ast-featured-img":"disabled","footer-sml-layout":"","theme-transparent-header-meta":"disabled","adv-header-id-meta":"","stick-header-meta":"default","header-above-stick-meta":"","header-main-stick-meta":"","header-below-stick-meta":"","astra-migrate-meta-layouts":"set","ast-page-background-enabled":"default","ast-page-background-meta":{"desktop":{"background-color":"","background-image":"","background-repeat":"repeat","background-position":"center center","background-size":"auto","background-attachment":"scroll","background-type":"","background-media":"","overlay-type":"","overlay-color":"","overlay-opacity":"","overlay-gradient":""},"tablet":{"background-color":"","background-image":"","background-repeat":"repeat","background-position":"center center","background-size":"auto","background-attachment":"scroll","background-type":"","background-media":"","overlay-type":"","overlay-color":"","overlay-opacity":"","overlay-gradient":""},"mobile":{"background-color":"","background-image":"","background-repeat":"repeat","background-position":"center center","background-size":"auto","background-attachment":"scroll","background-type":"","background-media":"","overlay-type":"","overlay-color":"","overlay-opacity":"","overlay-gradient":""}},"ast-content-background-meta":{"desktop":{"background-color":"var(--ast-global-color-5)","background-image":"","background-repeat":"repeat","background-position":"center center","background-size":"auto","background-attachment":"scroll","background-type":"","background-media":"","overlay-type":"","overlay-color":"","overlay-opacity":"","overlay-gradient":""},"tablet":{"background-color":"var(--ast-global-color-5)","background-image":"","background-repeat":"repeat","background-position":"center center","background-size":"auto","background-attachment":"scroll","background-type":"","background-media":"","overlay-type":"","overlay-color":"","overlay-opacity":"","overlay-gradient":""},"mobile":{"background-color":"var(--ast-global-color-5)","background-image":"","background-repeat":"repeat","background-position":"center center","background-size":"auto","background-attachment":"scroll","background-type":"","background-media":"","overlay-type":"","overlay-color":"","overlay-opacity":"","overlay-gradient":""}}},"product_cat":[55],"product_tag":[],"aioseo_notices":[],"_links":{"self":[{"href":"https:\/\/www.partidocolombiarenaciente.co\/web\/wp-json\/wp\/v2\/product\/12614"}],"collection":[{"href":"https:\/\/www.partidocolombiarenaciente.co\/web\/wp-json\/wp\/v2\/product"}],"about":[{"href":"https:\/\/www.partidocolombiarenaciente.co\/web\/wp-json\/wp\/v2\/types\/product"}],"replies":[{"embeddable":true,"href":"https:\/\/www.partidocolombiarenaciente.co\/web\/wp-json\/wp\/v2\/comments?post=12614"}],"version-history":[{"count":9,"href":"https:\/\/www.partidocolombiarenaciente.co\/web\/wp-json\/wp\/v2\/product\/12614\/revisions"}],"predecessor-version":[{"id":13014,"href":"https:\/\/www.partidocolombiarenaciente.co\/web\/wp-json\/wp\/v2\/product\/12614\/revisions\/13014"}],"wp:featuredmedia":[{"embeddable":true,"href":"https:\/\/www.partidocolombiarenaciente.co\/web\/wp-json\/wp\/v2\/media\/12619"}],"wp:attachment":[{"href":"https:\/\/www.partidocolombiarenaciente.co\/web\/wp-json\/wp\/v2\/media?parent=12614"}],"wp:term":[{"taxonomy":"product_cat","embeddable":true,"href":"https:\/\/www.partidocolombiarenaciente.co\/web\/wp-json\/wp\/v2\/product_cat?post=12614"},{"taxonomy":"product_tag","embeddable":true,"href":"https:\/\/www.partidocolombiarenaciente.co\/web\/wp-json\/wp\/v2\/product_tag?post=12614"}],"curies":[{"name":"wp","href":"https:\/\/api.w.org\/{rel}","templated":true}]}}