{"id":12590,"date":"2024-11-18T17:48:43","date_gmt":"2024-11-18T17:48:43","guid":{"rendered":"https:\/\/www.partidocolombiarenaciente.co\/web\/?post_type=product&#038;p=12590"},"modified":"2025-02-27T12:26:51","modified_gmt":"2025-02-27T17:26:51","slug":"termo-con-tapa","status":"publish","type":"product","link":"https:\/\/www.partidocolombiarenaciente.co\/web\/producto\/termo-con-tapa\/","title":{"rendered":"Termo con tapa"},"content":{"rendered":"<p>-600 ml<br \/>\n-Metal<br \/>\n-90 gramos<\/p>\n","protected":false},"excerpt":{"rendered":"<p>Mant\u00e9n tus bebidas calientes o fr\u00edas con nuestro termo. Con un dise\u00f1o funcional y atractivo, es el compa\u00f1ero perfecto para tus actividades diarias.<\/p>\n","protected":false},"featured_media":12689,"comment_status":"open","ping_status":"closed","template":"","meta":{"_monsterinsights_skip_tracking":false,"_monsterinsights_sitenote_active":false,"_monsterinsights_sitenote_note":"","_monsterinsights_sitenote_category":0,"site-sidebar-layout":"no-sidebar","site-content-layout":"page-builder","ast-site-content-layout":"full-width-container","site-content-style":"default","site-sidebar-style":"default","ast-global-header-display":"","ast-banner-title-visibility":"","ast-main-header-display":"","ast-hfb-above-header-display":"","ast-hfb-below-header-display":"","ast-hfb-mobile-header-display":"","site-post-title":"disabled","ast-breadcrumbs-content":"","ast-featured-img":"disabled","footer-sml-layout":"","theme-transparent-header-meta":"disabled","adv-header-id-meta":"","stick-header-meta":"default","header-above-stick-meta":"","header-main-stick-meta":"","header-below-stick-meta":"","astra-migrate-meta-layouts":"set","ast-page-background-enabled":"default","ast-page-background-meta":{"desktop":{"background-color":"","background-image":"","background-repeat":"repeat","background-position":"center center","background-size":"auto","background-attachment":"scroll","background-type":"","background-media":"","overlay-type":"","overlay-color":"","overlay-opacity":"","overlay-gradient":""},"tablet":{"background-color":"","background-image":"","background-repeat":"repeat","background-position":"center center","background-size":"auto","background-attachment":"scroll","background-type":"","background-media":"","overlay-type":"","overlay-color":"","overlay-opacity":"","overlay-gradient":""},"mobile":{"background-color":"","background-image":"","background-repeat":"repeat","background-position":"center center","background-size":"auto","background-attachment":"scroll","background-type":"","background-media":"","overlay-type":"","overlay-color":"","overlay-opacity":"","overlay-gradient":""}},"ast-content-background-meta":{"desktop":{"background-color":"var(--ast-global-color-5)","background-image":"","background-repeat":"repeat","background-position":"center center","background-size":"auto","background-attachment":"scroll","background-type":"","background-media":"","overlay-type":"","overlay-color":"","overlay-opacity":"","overlay-gradient":""},"tablet":{"background-color":"var(--ast-global-color-5)","background-image":"","background-repeat":"repeat","background-position":"center center","background-size":"auto","background-attachment":"scroll","background-type":"","background-media":"","overlay-type":"","overlay-color":"","overlay-opacity":"","overlay-gradient":""},"mobile":{"background-color":"var(--ast-global-color-5)","background-image":"","background-repeat":"repeat","background-position":"center center","background-size":"auto","background-attachment":"scroll","background-type":"","background-media":"","overlay-type":"","overlay-color":"","overlay-opacity":"","overlay-gradient":""}}},"product_cat":[54],"product_tag":[],"aioseo_notices":[],"_links":{"self":[{"href":"https:\/\/www.partidocolombiarenaciente.co\/web\/wp-json\/wp\/v2\/product\/12590"}],"collection":[{"href":"https:\/\/www.partidocolombiarenaciente.co\/web\/wp-json\/wp\/v2\/product"}],"about":[{"href":"https:\/\/www.partidocolombiarenaciente.co\/web\/wp-json\/wp\/v2\/types\/product"}],"replies":[{"embeddable":true,"href":"https:\/\/www.partidocolombiarenaciente.co\/web\/wp-json\/wp\/v2\/comments?post=12590"}],"version-history":[{"count":8,"href":"https:\/\/www.partidocolombiarenaciente.co\/web\/wp-json\/wp\/v2\/product\/12590\/revisions"}],"predecessor-version":[{"id":13026,"href":"https:\/\/www.partidocolombiarenaciente.co\/web\/wp-json\/wp\/v2\/product\/12590\/revisions\/13026"}],"wp:featuredmedia":[{"embeddable":true,"href":"https:\/\/www.partidocolombiarenaciente.co\/web\/wp-json\/wp\/v2\/media\/12689"}],"wp:attachment":[{"href":"https:\/\/www.partidocolombiarenaciente.co\/web\/wp-json\/wp\/v2\/media?parent=12590"}],"wp:term":[{"taxonomy":"product_cat","embeddable":true,"href":"https:\/\/www.partidocolombiarenaciente.co\/web\/wp-json\/wp\/v2\/product_cat?post=12590"},{"taxonomy":"product_tag","embeddable":true,"href":"https:\/\/www.partidocolombiarenaciente.co\/web\/wp-json\/wp\/v2\/product_tag?post=12590"}],"curies":[{"name":"wp","href":"https:\/\/api.w.org\/{rel}","templated":true}]}}