{"id":12214,"date":"2024-09-18T21:17:41","date_gmt":"2024-09-18T21:17:41","guid":{"rendered":"https:\/\/www.partidocolombiarenaciente.co\/web\/?page_id=12214"},"modified":"2024-09-22T15:08:56","modified_gmt":"2024-09-22T15:08:56","slug":"curso-participacion-politica-de-las-mujeres","status":"publish","type":"page","link":"https:\/\/www.partidocolombiarenaciente.co\/web\/curso-participacion-politica-de-las-mujeres\/","title":{"rendered":"Curso Participaci\u00f3n pol\u00edtica de las mujeres"},"content":{"rendered":"<h4>#SomosunoconTodos<\/h4>\n<h1>Cursos<\/h1>\n<p>\t\t\t<a href=\"https:\/\/www.partidocolombiarenaciente.co\/web\/cursos\/\"><br \/>\n\t\t\t\t\t\t\t\t\tVolver<br \/>\n\t\t\t\t\t<\/a><\/p>\n<figure><a href=\"https:\/\/www.partidocolombiarenaciente.co\/web\/wp-content\/uploads\/2024\/08\/PARTICIPACION-POLITICA-DE-LAS-MUJERES.jpeg\" tabindex=\"-1\"><img fetchpriority=\"high\" decoding=\"async\" width=\"1280\" height=\"1280\" src=\"https:\/\/www.partidocolombiarenaciente.co\/web\/wp-content\/uploads\/2024\/08\/PARTICIPACION-POLITICA-DE-LAS-MUJERES.jpeg\" alt=\"\" \/><\/a><\/figure>\n<p>\t\t\t<a href=\"#\"><br \/>\n\t\t\t\t\t\t\t\t\tACCEDE<br \/>\n\t\t\t\t\t<\/a><br \/>\n\t\t\t<a href=\"#\"><br \/>\n\t\t\t\t\t\t\t\t\tHAZTE MILITANTE<br \/>\n\t\t\t\t\t<\/a><br \/>\n\t\t\t\t\t\t\t\t\t\t\t\t\t<img decoding=\"async\" width=\"723\" height=\"379\" src=\"https:\/\/www.partidocolombiarenaciente.co\/web\/wp-content\/uploads\/2022\/12\/colomabia-logo-color-.png\" alt=\"\" srcset=\"https:\/\/www.partidocolombiarenaciente.co\/web\/wp-content\/uploads\/2022\/12\/colomabia-logo-color-.png 723w, https:\/\/www.partidocolombiarenaciente.co\/web\/wp-content\/uploads\/2022\/12\/colomabia-logo-color--300x157.png 300w\" sizes=\"(max-width: 723px) 100vw, 723px\" \/>\t\t\t\t\t\t\t\t\t\t\t\t\t<\/p>\n<h3>Perfil del L\u00edder Renaciente<\/h3>\n<p>Para ser parte de la Escuela de Formaci\u00f3n <strong>\u201cL\u00edderes Renaciente\u201d<\/strong> del partido pol\u00edtico Colombia Renaciente debes demostrar inter\u00e9s en:<\/p>\n<figure><img decoding=\"async\" width=\"100\" height=\"100\" src=\"https:\/\/www.partidocolombiarenaciente.co\/web\/wp-content\/uploads\/2022\/12\/Lealtad-2.png\" alt=\"\" \/><\/figure>\n<p>Apropiar en su vida pol\u00edtica y social la Filosof\u00eda Ubuntu\u00a0<\/p>\n<figure><img loading=\"lazy\" decoding=\"async\" width=\"100\" height=\"100\" src=\"https:\/\/www.partidocolombiarenaciente.co\/web\/wp-content\/uploads\/2022\/11\/Justicia.png\" alt=\"\" \/><\/figure>\n<p>Ser af\u00edn a la defensa de los acuerdos de Paz y la lucha por la paz total<\/p>\n<figure><img loading=\"lazy\" decoding=\"async\" width=\"100\" height=\"100\" src=\"https:\/\/www.partidocolombiarenaciente.co\/web\/wp-content\/uploads\/2022\/11\/Liderazgo.png\" alt=\"\" \/><\/figure>\n<p>Lograr el empoderamiento pol\u00edtico con el conocimiento t\u00e9cnico para el desempe\u00f1o de las funciones en la corporaci\u00f3n p\u00fablica<\/p>\n<figure><img loading=\"lazy\" decoding=\"async\" width=\"100\" height=\"100\" src=\"https:\/\/www.partidocolombiarenaciente.co\/web\/wp-content\/uploads\/2022\/12\/honestidad.png\" alt=\"\" \/><\/figure>\n<p>Tener cero tolerancias ante cualquier tipo de discriminaci\u00f3n y corrupci\u00f3n<\/p>\n<figure><img loading=\"lazy\" decoding=\"async\" width=\"100\" height=\"100\" src=\"https:\/\/www.partidocolombiarenaciente.co\/web\/wp-content\/uploads\/2022\/11\/Disciplina.png\" alt=\"\" \/><\/figure>\n<p>Acatar los reglamentos establecidos por el Partido Colombia Renaciente en el marco de la \u00e9tica y valores profesionales y sociales<\/p>\n","protected":false},"excerpt":{"rendered":"<p>#SomosunoconTodos Cursos Volver ACCEDE HAZTE MILITANTE Perfil del L\u00edder Renaciente Para ser parte de la Escuela de Formaci\u00f3n \u201cL\u00edderes Renaciente\u201d del partido pol\u00edtico Colombia Renaciente debes demostrar inter\u00e9s en: Apropiar en su vida pol\u00edtica y social la Filosof\u00eda Ubuntu\u00a0 Ser af\u00edn a la defensa de los acuerdos de Paz y la lucha por la paz [&hellip;]<\/p>\n","protected":false},"author":6,"featured_media":0,"parent":0,"menu_order":0,"comment_status":"closed","ping_status":"closed","template":"","meta":{"_monsterinsights_skip_tracking":false,"_monsterinsights_sitenote_active":false,"_monsterinsights_sitenote_note":"","_monsterinsights_sitenote_category":0,"site-sidebar-layout":"no-sidebar","site-content-layout":"page-builder","ast-site-content-layout":"full-width-container","site-content-style":"unboxed","site-sidebar-style":"unboxed","ast-global-header-display":"","ast-banner-title-visibility":"","ast-main-header-display":"","ast-hfb-above-header-display":"","ast-hfb-below-header-display":"","ast-hfb-mobile-header-display":"","site-post-title":"disabled","ast-breadcrumbs-content":"","ast-featured-img":"disabled","footer-sml-layout":"","theme-transparent-header-meta":"disabled","adv-header-id-meta":"","stick-header-meta":"default","header-above-stick-meta":"","header-main-stick-meta":"","header-below-stick-meta":"","astra-migrate-meta-layouts":"set","ast-page-background-enabled":"default","ast-page-background-meta":{"desktop":{"background-color":"","background-image":"","background-repeat":"repeat","background-position":"center center","background-size":"auto","background-attachment":"scroll","background-type":"","background-media":"","overlay-type":"","overlay-color":"","overlay-opacity":"","overlay-gradient":""},"tablet":{"background-color":"","background-image":"","background-repeat":"repeat","background-position":"center center","background-size":"auto","background-attachment":"scroll","background-type":"","background-media":"","overlay-type":"","overlay-color":"","overlay-opacity":"","overlay-gradient":""},"mobile":{"background-color":"","background-image":"","background-repeat":"repeat","background-position":"center center","background-size":"auto","background-attachment":"scroll","background-type":"","background-media":"","overlay-type":"","overlay-color":"","overlay-opacity":"","overlay-gradient":""}},"ast-content-background-meta":{"desktop":{"background-color":"var(--ast-global-color-5)","background-image":"","background-repeat":"repeat","background-position":"center center","background-size":"auto","background-attachment":"scroll","background-type":"","background-media":"","overlay-type":"","overlay-color":"","overlay-opacity":"","overlay-gradient":""},"tablet":{"background-color":"var(--ast-global-color-5)","background-image":"","background-repeat":"repeat","background-position":"center center","background-size":"auto","background-attachment":"scroll","background-type":"","background-media":"","overlay-type":"","overlay-color":"","overlay-opacity":"","overlay-gradient":""},"mobile":{"background-color":"var(--ast-global-color-5)","background-image":"","background-repeat":"repeat","background-position":"center center","background-size":"auto","background-attachment":"scroll","background-type":"","background-media":"","overlay-type":"","overlay-color":"","overlay-opacity":"","overlay-gradient":""}},"footnotes":""},"aioseo_notices":[],"_links":{"self":[{"href":"https:\/\/www.partidocolombiarenaciente.co\/web\/wp-json\/wp\/v2\/pages\/12214"}],"collection":[{"href":"https:\/\/www.partidocolombiarenaciente.co\/web\/wp-json\/wp\/v2\/pages"}],"about":[{"href":"https:\/\/www.partidocolombiarenaciente.co\/web\/wp-json\/wp\/v2\/types\/page"}],"author":[{"embeddable":true,"href":"https:\/\/www.partidocolombiarenaciente.co\/web\/wp-json\/wp\/v2\/users\/6"}],"replies":[{"embeddable":true,"href":"https:\/\/www.partidocolombiarenaciente.co\/web\/wp-json\/wp\/v2\/comments?post=12214"}],"version-history":[{"count":4,"href":"https:\/\/www.partidocolombiarenaciente.co\/web\/wp-json\/wp\/v2\/pages\/12214\/revisions"}],"predecessor-version":[{"id":12225,"href":"https:\/\/www.partidocolombiarenaciente.co\/web\/wp-json\/wp\/v2\/pages\/12214\/revisions\/12225"}],"wp:attachment":[{"href":"https:\/\/www.partidocolombiarenaciente.co\/web\/wp-json\/wp\/v2\/media?parent=12214"}],"curies":[{"name":"wp","href":"https:\/\/api.w.org\/{rel}","templated":true}]}}