{"id":12153,"date":"2024-09-13T00:12:19","date_gmt":"2024-09-13T00:12:19","guid":{"rendered":"https:\/\/www.partidocolombiarenaciente.co\/web\/?page_id=12153"},"modified":"2024-11-06T13:09:38","modified_gmt":"2024-11-06T13:09:38","slug":"trabajando-juntos-partidos-y-sociedad-civil-construyendo-soluciones-para-responder-a-las-necesidades-ciudadanas","status":"publish","type":"page","link":"https:\/\/www.partidocolombiarenaciente.co\/web\/trabajando-juntos-partidos-y-sociedad-civil-construyendo-soluciones-para-responder-a-las-necesidades-ciudadanas\/","title":{"rendered":"Curso Trabajando juntos: partidos y sociedad civil construyendo soluciones para responder a las necesidades ciudadanas"},"content":{"rendered":"\t\t<div data-elementor-type=\"wp-page\" data-elementor-id=\"12153\" class=\"elementor elementor-12153\" data-elementor-post-type=\"page\">\n\t\t\t\t\t\t<section class=\"elementor-section elementor-top-section elementor-element elementor-element-a6c0634 elementor-section-boxed elementor-section-height-default elementor-section-height-default\" data-id=\"a6c0634\" data-element_type=\"section\" data-settings=\"{&quot;background_background&quot;:&quot;classic&quot;}\">\n\t\t\t\t\t\t\t<div class=\"elementor-background-overlay\"><\/div>\n\t\t\t\t\t\t\t<div class=\"elementor-container elementor-column-gap-default\">\n\t\t\t\t\t<div class=\"elementor-column elementor-col-100 elementor-top-column elementor-element elementor-element-ead4a05\" data-id=\"ead4a05\" data-element_type=\"column\">\n\t\t\t<div class=\"elementor-widget-wrap elementor-element-populated\">\n\t\t\t\t\t\t<div class=\"elementor-element elementor-element-162042b elementor-widget elementor-widget-heading\" data-id=\"162042b\" data-element_type=\"widget\" data-widget_type=\"heading.default\">\n\t\t\t\t<div class=\"elementor-widget-container\">\n\t\t\t\t\t<h4 class=\"elementor-heading-title elementor-size-default\">#Somos<span style=\"color: #FFFF00\">uno<\/span>con<span style=\"color: #FFFF00\">Todos<\/span><\/h4>\t\t\t\t<\/div>\n\t\t\t\t<\/div>\n\t\t\t\t<div class=\"elementor-element elementor-element-a18c86b elementor-widget elementor-widget-heading\" data-id=\"a18c86b\" data-element_type=\"widget\" data-widget_type=\"heading.default\">\n\t\t\t\t<div class=\"elementor-widget-container\">\n\t\t\t\t\t<h1 class=\"elementor-heading-title elementor-size-default\">Cursos<\/h1>\t\t\t\t<\/div>\n\t\t\t\t<\/div>\n\t\t\t\t\t<\/div>\n\t\t<\/div>\n\t\t\t\t\t<\/div>\n\t\t<\/section>\n\t\t\t\t<section class=\"elementor-section elementor-top-section elementor-element elementor-element-01379b9 elementor-section-boxed elementor-section-height-default elementor-section-height-default\" data-id=\"01379b9\" data-element_type=\"section\">\n\t\t\t\t\t\t<div class=\"elementor-container elementor-column-gap-default\">\n\t\t\t\t\t<div class=\"elementor-column elementor-col-100 elementor-top-column elementor-element elementor-element-e82c084\" data-id=\"e82c084\" data-element_type=\"column\">\n\t\t\t<div class=\"elementor-widget-wrap elementor-element-populated\">\n\t\t\t\t\t\t<div class=\"elementor-element elementor-element-28ad290 elementor-button-info elementor-widget elementor-widget-button\" data-id=\"28ad290\" data-element_type=\"widget\" data-widget_type=\"button.default\">\n\t\t\t\t<div class=\"elementor-widget-container\">\n\t\t\t\t\t\t\t\t\t<div class=\"elementor-button-wrapper\">\n\t\t\t\t\t<a class=\"elementor-button elementor-button-link elementor-size-sm elementor-animation-grow\" href=\"https:\/\/www.partidocolombiarenaciente.co\/web\/cursos\/\">\n\t\t\t\t\t\t<span class=\"elementor-button-content-wrapper\">\n\t\t\t\t\t\t\t\t\t<span class=\"elementor-button-text\">Volver<\/span>\n\t\t\t\t\t<\/span>\n\t\t\t\t\t<\/a>\n\t\t\t\t<\/div>\n\t\t\t\t\t\t\t\t<\/div>\n\t\t\t\t<\/div>\n\t\t\t\t\t<\/div>\n\t\t<\/div>\n\t\t\t\t\t<\/div>\n\t\t<\/section>\n\t\t\t\t<section class=\"elementor-section elementor-top-section elementor-element elementor-element-bd60649 elementor-section-boxed elementor-section-height-default elementor-section-height-default\" data-id=\"bd60649\" data-element_type=\"section\" data-settings=\"{&quot;background_background&quot;:&quot;classic&quot;}\">\n\t\t\t\t\t\t<div class=\"elementor-container elementor-column-gap-default\">\n\t\t\t\t\t<div class=\"elementor-column elementor-col-100 elementor-top-column elementor-element elementor-element-602a098\" data-id=\"602a098\" data-element_type=\"column\">\n\t\t\t<div class=\"elementor-widget-wrap elementor-element-populated\">\n\t\t\t\t\t\t<div class=\"elementor-element elementor-element-863a64c elementor-position-top elementor-widget elementor-widget-image-box\" data-id=\"863a64c\" data-element_type=\"widget\" data-widget_type=\"image-box.default\">\n\t\t\t\t<div class=\"elementor-widget-container\">\n\t\t\t\t\t<div class=\"elementor-image-box-wrapper\"><figure class=\"elementor-image-box-img\"><a href=\"https:\/\/www.partidocolombiarenaciente.co\/web\/wp-content\/uploads\/2024\/08\/TRABAJANDO-JUNTOS.jpeg\" tabindex=\"-1\"><img fetchpriority=\"high\" decoding=\"async\" width=\"1280\" height=\"1280\" src=\"https:\/\/www.partidocolombiarenaciente.co\/web\/wp-content\/uploads\/2024\/08\/TRABAJANDO-JUNTOS.jpeg\" class=\"attachment-2048x2048 size-2048x2048 wp-image-12058 wvs-archive-product-image\" alt=\"\" srcset=\"https:\/\/www.partidocolombiarenaciente.co\/web\/wp-content\/uploads\/2024\/08\/TRABAJANDO-JUNTOS.jpeg 1280w, https:\/\/www.partidocolombiarenaciente.co\/web\/wp-content\/uploads\/2024\/08\/TRABAJANDO-JUNTOS-300x300.jpeg 300w, https:\/\/www.partidocolombiarenaciente.co\/web\/wp-content\/uploads\/2024\/08\/TRABAJANDO-JUNTOS-100x100.jpeg 100w, https:\/\/www.partidocolombiarenaciente.co\/web\/wp-content\/uploads\/2024\/08\/TRABAJANDO-JUNTOS-600x600.jpeg 600w, https:\/\/www.partidocolombiarenaciente.co\/web\/wp-content\/uploads\/2024\/08\/TRABAJANDO-JUNTOS-1024x1024.jpeg 1024w, https:\/\/www.partidocolombiarenaciente.co\/web\/wp-content\/uploads\/2024\/08\/TRABAJANDO-JUNTOS-150x150.jpeg 150w, https:\/\/www.partidocolombiarenaciente.co\/web\/wp-content\/uploads\/2024\/08\/TRABAJANDO-JUNTOS-768x768.jpeg 768w\" sizes=\"(max-width: 1280px) 100vw, 1280px\" \/><\/a><\/figure><\/div>\t\t\t\t<\/div>\n\t\t\t\t<\/div>\n\t\t\t\t<div class=\"elementor-element elementor-element-8b7fb7b elementor-button-info elementor-align-center elementor-widget elementor-widget-button\" data-id=\"8b7fb7b\" data-element_type=\"widget\" data-widget_type=\"button.default\">\n\t\t\t\t<div class=\"elementor-widget-container\">\n\t\t\t\t\t\t\t\t\t<div class=\"elementor-button-wrapper\">\n\t\t\t\t\t<a class=\"elementor-button elementor-button-link elementor-size-sm\" href=\"#\">\n\t\t\t\t\t\t<span class=\"elementor-button-content-wrapper\">\n\t\t\t\t\t\t\t\t\t<span class=\"elementor-button-text\">INSCRIBETE<\/span>\n\t\t\t\t\t<\/span>\n\t\t\t\t\t<\/a>\n\t\t\t\t<\/div>\n\t\t\t\t\t\t\t\t<\/div>\n\t\t\t\t<\/div>\n\t\t\t\t<div class=\"elementor-element elementor-element-aa280df elementor-button-info elementor-align-center elementor-widget elementor-widget-button\" data-id=\"aa280df\" data-element_type=\"widget\" data-widget_type=\"button.default\">\n\t\t\t\t<div class=\"elementor-widget-container\">\n\t\t\t\t\t\t\t\t\t<div class=\"elementor-button-wrapper\">\n\t\t\t\t\t<a class=\"elementor-button elementor-button-link elementor-size-sm\" href=\"https:\/\/conele.co\/formulario\">\n\t\t\t\t\t\t<span class=\"elementor-button-content-wrapper\">\n\t\t\t\t\t\t\t\t\t<span class=\"elementor-button-text\">HAZTE MILITANTE<\/span>\n\t\t\t\t\t<\/span>\n\t\t\t\t\t<\/a>\n\t\t\t\t<\/div>\n\t\t\t\t\t\t\t\t<\/div>\n\t\t\t\t<\/div>\n\t\t\t\t\t<\/div>\n\t\t<\/div>\n\t\t\t\t\t<\/div>\n\t\t<\/section>\n\t\t\t\t<section class=\"elementor-section elementor-top-section elementor-element elementor-element-c90fa93 elementor-section-boxed elementor-section-height-default elementor-section-height-default\" data-id=\"c90fa93\" data-element_type=\"section\" data-settings=\"{&quot;background_background&quot;:&quot;classic&quot;}\">\n\t\t\t\t\t\t<div class=\"elementor-container elementor-column-gap-default\">\n\t\t\t\t\t<div class=\"elementor-column elementor-col-100 elementor-top-column elementor-element elementor-element-c6cd3e5\" data-id=\"c6cd3e5\" data-element_type=\"column\">\n\t\t\t<div class=\"elementor-widget-wrap elementor-element-populated\">\n\t\t\t\t\t\t<div class=\"elementor-element elementor-element-9aa8166 elementor-widget elementor-widget-image\" data-id=\"9aa8166\" data-element_type=\"widget\" data-widget_type=\"image.default\">\n\t\t\t\t<div class=\"elementor-widget-container\">\n\t\t\t\t\t\t\t\t\t\t\t\t\t\t\t<img decoding=\"async\" width=\"723\" height=\"379\" src=\"https:\/\/www.partidocolombiarenaciente.co\/web\/wp-content\/uploads\/2022\/12\/colomabia-logo-color-.png\" class=\"attachment-large size-large wp-image-6305 wvs-archive-product-image\" alt=\"\" srcset=\"https:\/\/www.partidocolombiarenaciente.co\/web\/wp-content\/uploads\/2022\/12\/colomabia-logo-color-.png 723w, https:\/\/www.partidocolombiarenaciente.co\/web\/wp-content\/uploads\/2022\/12\/colomabia-logo-color--600x315.png 600w, https:\/\/www.partidocolombiarenaciente.co\/web\/wp-content\/uploads\/2022\/12\/colomabia-logo-color--300x157.png 300w\" sizes=\"(max-width: 723px) 100vw, 723px\" \/>\t\t\t\t\t\t\t\t\t\t\t\t\t\t\t<\/div>\n\t\t\t\t<\/div>\n\t\t\t\t<div class=\"elementor-element elementor-element-2142ea0 elementor-widget elementor-widget-heading\" data-id=\"2142ea0\" data-element_type=\"widget\" data-widget_type=\"heading.default\">\n\t\t\t\t<div class=\"elementor-widget-container\">\n\t\t\t\t\t<h3 class=\"elementor-heading-title elementor-size-default\">Perfil del L\u00edder Renaciente<\/h3>\t\t\t\t<\/div>\n\t\t\t\t<\/div>\n\t\t\t\t<div class=\"elementor-element elementor-element-d3ff33f elementor-widget elementor-widget-text-editor\" data-id=\"d3ff33f\" data-element_type=\"widget\" data-widget_type=\"text-editor.default\">\n\t\t\t\t<div class=\"elementor-widget-container\">\n\t\t\t\t\t\t\t\t\t<p><span style=\"font-weight: 400;\">Para ser parte de la Escuela de Formaci\u00f3n <strong>\u201cL\u00edderes Renaciente\u201d<\/strong> del partido pol\u00edtico Colombia Renaciente debes demostrar inter\u00e9s en:<\/span><\/p>\t\t\t\t\t\t\t\t<\/div>\n\t\t\t\t<\/div>\n\t\t\t\t<section class=\"elementor-section elementor-inner-section elementor-element elementor-element-cf670b4 elementor-section-boxed elementor-section-height-default elementor-section-height-default\" data-id=\"cf670b4\" data-element_type=\"section\">\n\t\t\t\t\t\t<div class=\"elementor-container elementor-column-gap-default\">\n\t\t\t\t\t<div class=\"elementor-column elementor-col-20 elementor-inner-column elementor-element elementor-element-9e623a7\" data-id=\"9e623a7\" data-element_type=\"column\" data-settings=\"{&quot;background_background&quot;:&quot;classic&quot;}\">\n\t\t\t<div class=\"elementor-widget-wrap elementor-element-populated\">\n\t\t\t\t\t\t<div class=\"elementor-element elementor-element-60f4051 elementor-position-top elementor-widget elementor-widget-image-box\" data-id=\"60f4051\" data-element_type=\"widget\" data-widget_type=\"image-box.default\">\n\t\t\t\t<div class=\"elementor-widget-container\">\n\t\t\t\t\t<div class=\"elementor-image-box-wrapper\"><figure class=\"elementor-image-box-img\"><img decoding=\"async\" width=\"100\" height=\"100\" src=\"https:\/\/www.partidocolombiarenaciente.co\/web\/wp-content\/uploads\/2022\/12\/Lealtad-2.png\" class=\"elementor-animation-grow attachment-full size-full wp-image-6507 wvs-archive-product-image\" alt=\"\" \/><\/figure><div class=\"elementor-image-box-content\"><p class=\"elementor-image-box-description\">Apropiar en su vida pol\u00edtica y social la Filosof\u00eda Ubuntu\u00a0<\/p><\/div><\/div>\t\t\t\t<\/div>\n\t\t\t\t<\/div>\n\t\t\t\t\t<\/div>\n\t\t<\/div>\n\t\t\t\t<div class=\"elementor-column elementor-col-20 elementor-inner-column elementor-element elementor-element-810d291\" data-id=\"810d291\" data-element_type=\"column\" data-settings=\"{&quot;background_background&quot;:&quot;classic&quot;}\">\n\t\t\t<div class=\"elementor-widget-wrap elementor-element-populated\">\n\t\t\t\t\t\t<div class=\"elementor-element elementor-element-3214efb elementor-position-top elementor-widget elementor-widget-image-box\" data-id=\"3214efb\" data-element_type=\"widget\" data-widget_type=\"image-box.default\">\n\t\t\t\t<div class=\"elementor-widget-container\">\n\t\t\t\t\t<div class=\"elementor-image-box-wrapper\"><figure class=\"elementor-image-box-img\"><img loading=\"lazy\" decoding=\"async\" width=\"100\" height=\"100\" src=\"https:\/\/www.partidocolombiarenaciente.co\/web\/wp-content\/uploads\/2022\/11\/Justicia.png\" class=\"elementor-animation-grow attachment-full size-full wp-image-6141 wvs-archive-product-image\" alt=\"\" \/><\/figure><div class=\"elementor-image-box-content\"><p class=\"elementor-image-box-description\">Ser af\u00edn a la defensa de los acuerdos de Paz y la lucha por la paz total<\/p><\/div><\/div>\t\t\t\t<\/div>\n\t\t\t\t<\/div>\n\t\t\t\t\t<\/div>\n\t\t<\/div>\n\t\t\t\t<div class=\"elementor-column elementor-col-20 elementor-inner-column elementor-element elementor-element-7779103\" data-id=\"7779103\" data-element_type=\"column\" data-settings=\"{&quot;background_background&quot;:&quot;classic&quot;}\">\n\t\t\t<div class=\"elementor-widget-wrap elementor-element-populated\">\n\t\t\t\t\t\t<div class=\"elementor-element elementor-element-b09f053 elementor-position-top elementor-widget elementor-widget-image-box\" data-id=\"b09f053\" data-element_type=\"widget\" data-widget_type=\"image-box.default\">\n\t\t\t\t<div class=\"elementor-widget-container\">\n\t\t\t\t\t<div class=\"elementor-image-box-wrapper\"><figure class=\"elementor-image-box-img\"><img loading=\"lazy\" decoding=\"async\" width=\"100\" height=\"100\" src=\"https:\/\/www.partidocolombiarenaciente.co\/web\/wp-content\/uploads\/2022\/11\/Liderazgo.png\" class=\"elementor-animation-grow attachment-full size-full wp-image-6124 wvs-archive-product-image\" alt=\"\" \/><\/figure><div class=\"elementor-image-box-content\"><p class=\"elementor-image-box-description\">Lograr el empoderamiento pol\u00edtico con el conocimiento t\u00e9cnico para el desempe\u00f1o de las funciones en la corporaci\u00f3n p\u00fablica<\/p><\/div><\/div>\t\t\t\t<\/div>\n\t\t\t\t<\/div>\n\t\t\t\t\t<\/div>\n\t\t<\/div>\n\t\t\t\t<div class=\"elementor-column elementor-col-20 elementor-inner-column elementor-element elementor-element-3a1e185\" data-id=\"3a1e185\" data-element_type=\"column\" data-settings=\"{&quot;background_background&quot;:&quot;classic&quot;}\">\n\t\t\t<div class=\"elementor-widget-wrap elementor-element-populated\">\n\t\t\t\t\t\t<div class=\"elementor-element elementor-element-5e327b8 elementor-position-top elementor-widget elementor-widget-image-box\" data-id=\"5e327b8\" data-element_type=\"widget\" data-widget_type=\"image-box.default\">\n\t\t\t\t<div class=\"elementor-widget-container\">\n\t\t\t\t\t<div class=\"elementor-image-box-wrapper\"><figure class=\"elementor-image-box-img\"><img loading=\"lazy\" decoding=\"async\" width=\"100\" height=\"100\" src=\"https:\/\/www.partidocolombiarenaciente.co\/web\/wp-content\/uploads\/2022\/12\/honestidad.png\" class=\"elementor-animation-grow attachment-full size-full wp-image-6492 wvs-archive-product-image\" alt=\"\" \/><\/figure><div class=\"elementor-image-box-content\"><p class=\"elementor-image-box-description\">Tener cero tolerancias ante cualquier tipo de discriminaci\u00f3n y corrupci\u00f3n<\/p><\/div><\/div>\t\t\t\t<\/div>\n\t\t\t\t<\/div>\n\t\t\t\t\t<\/div>\n\t\t<\/div>\n\t\t\t\t<div class=\"elementor-column elementor-col-20 elementor-inner-column elementor-element elementor-element-7d76918\" data-id=\"7d76918\" data-element_type=\"column\" data-settings=\"{&quot;background_background&quot;:&quot;classic&quot;}\">\n\t\t\t<div class=\"elementor-widget-wrap elementor-element-populated\">\n\t\t\t\t\t\t<div class=\"elementor-element elementor-element-0cf4dd1 elementor-position-top elementor-widget elementor-widget-image-box\" data-id=\"0cf4dd1\" data-element_type=\"widget\" data-widget_type=\"image-box.default\">\n\t\t\t\t<div class=\"elementor-widget-container\">\n\t\t\t\t\t<div class=\"elementor-image-box-wrapper\"><figure class=\"elementor-image-box-img\"><img loading=\"lazy\" decoding=\"async\" width=\"100\" height=\"100\" src=\"https:\/\/www.partidocolombiarenaciente.co\/web\/wp-content\/uploads\/2022\/11\/Disciplina.png\" class=\"elementor-animation-grow attachment-full size-full wp-image-6142 wvs-archive-product-image\" alt=\"\" \/><\/figure><div class=\"elementor-image-box-content\"><p class=\"elementor-image-box-description\">Acatar los reglamentos establecidos por el Partido Colombia Renaciente en el marco de la \u00e9tica y valores profesionales y sociales<\/p><\/div><\/div>\t\t\t\t<\/div>\n\t\t\t\t<\/div>\n\t\t\t\t\t<\/div>\n\t\t<\/div>\n\t\t\t\t\t<\/div>\n\t\t<\/section>\n\t\t\t\t\t<\/div>\n\t\t<\/div>\n\t\t\t\t\t<\/div>\n\t\t<\/section>\n\t\t\t\t<section class=\"elementor-section elementor-top-section elementor-element elementor-element-b3e5411 elementor-section-boxed elementor-section-height-default elementor-section-height-default\" data-id=\"b3e5411\" data-element_type=\"section\">\n\t\t\t\t\t\t<div class=\"elementor-container elementor-column-gap-default\">\n\t\t\t\t\t<div class=\"elementor-column elementor-col-33 elementor-top-column elementor-element elementor-element-3f1fc12\" data-id=\"3f1fc12\" data-element_type=\"column\">\n\t\t\t<div class=\"elementor-widget-wrap\">\n\t\t\t\t\t\t\t<\/div>\n\t\t<\/div>\n\t\t\t\t<div class=\"elementor-column elementor-col-33 elementor-top-column elementor-element elementor-element-eea9075\" data-id=\"eea9075\" data-element_type=\"column\">\n\t\t\t<div class=\"elementor-widget-wrap\">\n\t\t\t\t\t\t\t<\/div>\n\t\t<\/div>\n\t\t\t\t<div class=\"elementor-column elementor-col-33 elementor-top-column elementor-element elementor-element-96361af\" data-id=\"96361af\" data-element_type=\"column\">\n\t\t\t<div class=\"elementor-widget-wrap\">\n\t\t\t\t\t\t\t<\/div>\n\t\t<\/div>\n\t\t\t\t\t<\/div>\n\t\t<\/section>\n\t\t\t\t<\/div>\n\t\t","protected":false},"excerpt":{"rendered":"<p>#SomosunoconTodos Cursos Volver INSCRIBETE HAZTE MILITANTE Perfil del L\u00edder Renaciente Para ser parte de la Escuela de Formaci\u00f3n \u201cL\u00edderes Renaciente\u201d del partido pol\u00edtico Colombia Renaciente debes demostrar inter\u00e9s en: Apropiar en su vida pol\u00edtica y social la Filosof\u00eda Ubuntu\u00a0 Ser af\u00edn a la defensa de los acuerdos de Paz y la lucha por la paz [&hellip;]<\/p>\n","protected":false},"author":6,"featured_media":0,"parent":0,"menu_order":0,"comment_status":"closed","ping_status":"closed","template":"","meta":{"_monsterinsights_skip_tracking":false,"_monsterinsights_sitenote_active":false,"_monsterinsights_sitenote_note":"","_monsterinsights_sitenote_category":0,"site-sidebar-layout":"no-sidebar","site-content-layout":"page-builder","ast-site-content-layout":"full-width-container","site-content-style":"unboxed","site-sidebar-style":"unboxed","ast-global-header-display":"","ast-banner-title-visibility":"","ast-main-header-display":"","ast-hfb-above-header-display":"","ast-hfb-below-header-display":"","ast-hfb-mobile-header-display":"","site-post-title":"disabled","ast-breadcrumbs-content":"","ast-featured-img":"disabled","footer-sml-layout":"","theme-transparent-header-meta":"disabled","adv-header-id-meta":"","stick-header-meta":"default","header-above-stick-meta":"","header-main-stick-meta":"","header-below-stick-meta":"","astra-migrate-meta-layouts":"set","ast-page-background-enabled":"default","ast-page-background-meta":{"desktop":{"background-color":"","background-image":"","background-repeat":"repeat","background-position":"center center","background-size":"auto","background-attachment":"scroll","background-type":"","background-media":"","overlay-type":"","overlay-color":"","overlay-opacity":"","overlay-gradient":""},"tablet":{"background-color":"","background-image":"","background-repeat":"repeat","background-position":"center center","background-size":"auto","background-attachment":"scroll","background-type":"","background-media":"","overlay-type":"","overlay-color":"","overlay-opacity":"","overlay-gradient":""},"mobile":{"background-color":"","background-image":"","background-repeat":"repeat","background-position":"center center","background-size":"auto","background-attachment":"scroll","background-type":"","background-media":"","overlay-type":"","overlay-color":"","overlay-opacity":"","overlay-gradient":""}},"ast-content-background-meta":{"desktop":{"background-color":"var(--ast-global-color-5)","background-image":"","background-repeat":"repeat","background-position":"center center","background-size":"auto","background-attachment":"scroll","background-type":"","background-media":"","overlay-type":"","overlay-color":"","overlay-opacity":"","overlay-gradient":""},"tablet":{"background-color":"var(--ast-global-color-5)","background-image":"","background-repeat":"repeat","background-position":"center center","background-size":"auto","background-attachment":"scroll","background-type":"","background-media":"","overlay-type":"","overlay-color":"","overlay-opacity":"","overlay-gradient":""},"mobile":{"background-color":"var(--ast-global-color-5)","background-image":"","background-repeat":"repeat","background-position":"center center","background-size":"auto","background-attachment":"scroll","background-type":"","background-media":"","overlay-type":"","overlay-color":"","overlay-opacity":"","overlay-gradient":""}},"footnotes":""},"aioseo_notices":[],"_links":{"self":[{"href":"https:\/\/www.partidocolombiarenaciente.co\/web\/wp-json\/wp\/v2\/pages\/12153"}],"collection":[{"href":"https:\/\/www.partidocolombiarenaciente.co\/web\/wp-json\/wp\/v2\/pages"}],"about":[{"href":"https:\/\/www.partidocolombiarenaciente.co\/web\/wp-json\/wp\/v2\/types\/page"}],"author":[{"embeddable":true,"href":"https:\/\/www.partidocolombiarenaciente.co\/web\/wp-json\/wp\/v2\/users\/6"}],"replies":[{"embeddable":true,"href":"https:\/\/www.partidocolombiarenaciente.co\/web\/wp-json\/wp\/v2\/comments?post=12153"}],"version-history":[{"count":8,"href":"https:\/\/www.partidocolombiarenaciente.co\/web\/wp-json\/wp\/v2\/pages\/12153\/revisions"}],"predecessor-version":[{"id":12541,"href":"https:\/\/www.partidocolombiarenaciente.co\/web\/wp-json\/wp\/v2\/pages\/12153\/revisions\/12541"}],"wp:attachment":[{"href":"https:\/\/www.partidocolombiarenaciente.co\/web\/wp-json\/wp\/v2\/media?parent=12153"}],"curies":[{"name":"wp","href":"https:\/\/api.w.org\/{rel}","templated":true}]}}